{"id":475,"date":"2014-11-18T04:16:08","date_gmt":"2014-11-18T04:16:08","guid":{"rendered":"http:\/\/demo.vegatheme.com\/ananke\/?page_id=475"},"modified":"2022-03-24T10:24:04","modified_gmt":"2022-03-23T23:24:04","slug":"home-slider-dark","status":"publish","type":"page","link":"http:\/\/www.eyeflypacifique.com\/","title":{"rendered":"Accueil"},"content":{"rendered":"<p>[vc_row extra_id=\u00a0\u00bbhome\u00a0\u00bb fullwidth=\u00a0\u00bbyes\u00a0\u00bb][vc_column][rev_slider_vc alias=\u00a0\u00bbhome-slider\u00a0\u00bb]<a class=\"scroll\" href=\"#services\"><div  class=\"scroll-btn tipped\" data-title=\"about agency\"><\/div><\/a>\t\n\t<div class=\"small-text\">\n\t\t<div class=\"cl-effect-5\">\n\t\t\t<a class=\"scroll\" href=\"\"><span data-hover=\"r\u00e9alisations\">r\u00e9alisations<\/span><\/a>\t\t\t\t\t<\/div>\n\t<\/div>\n\n\t\t\n\t<div class=\"social-top\">\n\t\t<ul class=\"list-social\">\n\t\t\t\t\t\t<li class=\"icon-soc tipped\" data-title=\"vimeo-square\"  data-tipper-options='{\"direction\":\"top\",\"follow\":\"true\"}'>\n\t\t\t\t<a href=\"https:\/\/vimeo.com\/channels\/eyeflypacifique\"><i class=\"fa fa-vimeo-square\"><\/i><\/a>\n\t\t\t<\/li>\n\t\t\t\t\t\t\t\t\t\t\t\t<li class=\"icon-soc tipped\" data-title=\"linkedin-square\"  data-tipper-options='{\"direction\":\"top\",\"follow\":\"true\"}'>\n\t\t\t\t<a href=\"https:\/\/www.linkedin.com\/company\/eyefly-pacifique\"><i class=\"fa fa-linkedin-square\"><\/i><\/a>\n\t\t\t<\/li>\n\t\t\t\t\t\t\t\t\t\t\t<\/ul>\t\n\t<\/div>\n\n\t[\/vc_column][\/vc_row][vc_row][vc_column][vc_video link=\u00a0\u00bbhttps:\/\/vimeo.com\/463660175&Prime;][\/vc_column][\/vc_row][vc_row extra_id=\u00a0\u00bbwork\u00a0\u00bb ses_title=\u00a0\u00bbNOS REALISATIONS\u00a0\u00bb css=\u00a0\u00bb.vc_custom_1442658971011{padding-top: 60px !important;padding-bottom: 60px !important;}\u00a0\u00bb][vc_column width=\u00a0\u00bb1\/2&Prime;][vc_video link=\u00a0\u00bbhttps:\/\/www.youtube.com\/watch?v=PfkJ67qpVnY\u00a0\u00bb][\/vc_column][vc_column width=\u00a0\u00bb1\/2&Prime;][vc_video link=\u00a0\u00bbhttps:\/\/vimeo.com\/channels\/eyeflypacifique\/137919033&Prime;][\/vc_column][\/vc_row][vc_row][vc_column]   \n\t<div class=\"z-index\">\t\n    \t\n\t\t<div class=\"one-third column\">\n\t\t\t<div class=\"blog-post home-blog\">\n\t\t\t\t\t\t\t\t<a href=\"http:\/\/www.eyeflypacifique.com\/?p=1664\"><img src=\"http:\/\/www.eyeflypacifique.com\/wp-content\/uploads\/bfi_thumb\/DJI_0032-32brmqlyw7s5s8yj9qe58g.jpg\" alt=\"\" \/><\/a>\n\t\t\t\t<h5><a href=\"http:\/\/www.eyeflypacifique.com\/?p=1664\">Groupama Race 2016 &#8211; New Caledonia<\/a><\/h5>\n\t\t\t\t<p>Un l\u00e9ger vent d&rsquo;ouest ce matin aura souffl\u00e9 pour le d\u00e9part de l&rsquo;\u00e9dition 2016 de la groupama...<\/p>\n\t\t\t\t<p><span>25.09.2016.<\/span><span> 0 comment<\/span><\/p>\n\t\t\t<\/div>\n\t\t<\/div>\n\t\n\t\t\n\t\t<div class=\"one-third column\">\n\t\t\t<div class=\"blog-post home-blog\">\n\t\t\t\t\t\t\t\t<a href=\"http:\/\/www.eyeflypacifique.com\/?p=1656\"><img src=\"http:\/\/www.eyeflypacifique.com\/wp-content\/uploads\/bfi_thumb\/DJI_0037-316zxbj1qxvik6mt0b0wlc.jpg\" alt=\"\" \/><\/a>\n\t\t\t\t<h5><a href=\"http:\/\/www.eyeflypacifique.com\/?p=1656\">Tournage pour l&rsquo;Athl\u00e9tic Club de Paita &#8211; Trail D\u00e9cathlon<\/a><\/h5>\n\t\t\t\t<p>Une belle matin\u00e9e pour le tournage de la vid\u00e9o de pr\u00e9sentation du Trail D\u00e9cathlon organis\u00e9 par l&rsquo;Athl\u00e9tic...<\/p>\n\t\t\t\t<p><span>03.04.2016.<\/span><span> 0 comment<\/span><\/p>\n\t\t\t<\/div>\n\t\t<\/div>\n\t\n\t\t\n\t\t<div class=\"one-third column\">\n\t\t\t<div class=\"blog-post home-blog\">\n\t\t\t\t\t\t\t\t<a href=\"http:\/\/www.eyeflypacifique.com\/?p=1648\"><img src=\"http:\/\/www.eyeflypacifique.com\/wp-content\/uploads\/bfi_thumb\/DJI_0531-310gjrqj4qk3vmhzivoge8.jpg\" alt=\"\" \/><\/a>\n\t\t\t\t<h5><a href=\"http:\/\/www.eyeflypacifique.com\/?p=1648\">Swimmy Project &#8211; New Caledonia<\/a><\/h5>\n\t\t\t\t<p>La l\u00e9gende de KOINOBORI : les KOINOBORI sont des manches \u00e0 air en forme de carpe qui...<\/p>\n\t\t\t\t<p><span>06.03.2016.<\/span><span> 0 comment<\/span><\/p>\n\t\t\t<\/div>\n\t\t<\/div>\n\t\n\t\t\t<div class=\"clear\"><\/div>\n\t\t<div class=\"sixteen columns\">\n\t\t\t<div class=\"blog-link\"><a href=\"http:\/\/www.eyeflypacifique.com\/?page_id=42\">VOIR LA SUITE<\/a><\/div>\n\t\t<\/div>\n\t<\/div> \n[\/vc_column][\/vc_row][vc_row extra_id=\u00a0\u00bbservices\u00a0\u00bb ses_title=\u00a0\u00bbSERVICES\u00a0\u00bb ses_sub_title=\u00a0\u00bb<i>D\u00e9couvrez ci-dessous nos diff\u00e9rents secteurs et domaines d\u2019activit\u00e9s<\/i>\u00a0\u00bb css=\u00a0\u00bb.vc_custom_1432374916235{padding-top: 60px !important;padding-bottom: 60px !important;background-color: #292929 !important;}\u00a0\u00bb][vc_column width=\u00a0\u00bb1\/3&Prime;]\t\n\t<div class=\"one-third column\" data-scrollreveal=\"enter bottom and move 150px over 1s\">\n\t\t<div class=\"services-offer\">\n\t\t\t<span class=\"svg-icon flat-filled\" id=\"filled-calander\"><\/span>\n\t\t\t<h5>\u00c9V\u00c9NEMENTIEL<\/h5>\n\t\t\t<p><\/p>\n<p>Une autre vision sur vos \u00e9v\u00e9nements sportifs, salons, mariages, c\u00e9r\u00e9monies officielles et priv\u00e9es &#8230;<\/p>\n<p><\/p>\n\t\t<\/div>\n\t<\/div>\n\n\t\t\n\t<div class=\"one-third column\" data-scrollreveal=\"enter bottom and move 150px over 1s\">\n\t\t<div class=\"services-offer\">\n\t\t\t<span class=\"svg-icon flat-filled\" id=\"filled-storm\"><\/span>\n\t\t\t<h5>ENVIRONNEMENT<\/h5>\n\t\t\t<p><\/p>\n<p>Surveillance et rep\u00e8rage faune et flore. Op\u00e9rations scientifiques.<\/p>\n<p><\/p>\n\t\t<\/div>\n\t<\/div>\n\n\t[\/vc_column][vc_column width=\u00a0\u00bb1\/3&Prime;]\t\n\t<div class=\"one-third column\" data-scrollreveal=\"enter bottom and move 150px over 1s\">\n\t\t<div class=\"services-offer\">\n\t\t\t<span class=\"svg-icon flat-filled\" id=\"filled-settings\"><\/span>\n\t\t\t<h5>INDUSTRIE<\/h5>\n\t\t\t<p><\/p>\n<p>Contr\u00f4le\/visite d\u2019usine, d\u2019installations solaires, \u00e9oliennes, thermographie a\u00e9rienne.<\/p>\n<p><\/p>\n\t\t<\/div>\n\t<\/div>\n\n\t\t\n\t<div class=\"one-third column\" data-scrollreveal=\"enter bottom and move 150px over 1s\">\n\t\t<div class=\"services-offer\">\n\t\t\t<span class=\"svg-icon flat-filled\" id=\"filled-home\"><\/span>\n\t\t\t<h5>PRIV\u00c9<\/h5>\n\t\t\t<p><\/p>\n<p>Prises de vue a\u00e9rienne de bateaux, villas, terrains ou propri\u00e9t\u00e9s.<\/p>\n<p><\/p>\n\t\t<\/div>\n\t<\/div>\n\n\t[\/vc_column][vc_column width=\u00a0\u00bb1\/3&Prime;]\t\n\t<div class=\"one-third column\" data-scrollreveal=\"enter bottom and move 150px over 1s\">\n\t\t<div class=\"services-offer\">\n\t\t\t<span class=\"svg-icon flat-filled\" id=\"filled-user\"><\/span>\n\t\t\t<h5>DOMAINE PUBLIC<\/h5>\n\t\t\t<p><\/p>\n<p>Tout besoin des collectivit\u00e9s, provinces, mairies, services culturels, du patrimoine, protection civile, forces arm\u00e9es, police<\/p>\n<p><\/p>\n\t\t<\/div>\n\t<\/div>\n\n\t\t\n\t<div class=\"one-third column\" data-scrollreveal=\"enter bottom and move 150px over 1s\">\n\t\t<div class=\"services-offer\">\n\t\t\t<span class=\"svg-icon flat-filled\" id=\"filled-location\"><\/span>\n\t\t\t<h5>BTP & IMMOBILIER<\/h5>\n\t\t\t<p><\/p>\n<p>Suivi de chantier. Aide \u00e0 la vente ou \u00e0 la promotion.<\/p>\n<p><\/p>\n\t\t<\/div>\n\t<\/div>\n\n\t[\/vc_column][\/vc_row][vc_row extra_id=\u00a0\u00bbabout\u00a0\u00bb ses_title=\u00a0\u00bbA PROPOS\u00a0\u00bb ses_sub_title=\u00a0\u00bb<i>Eyefly Pacifique, des professionnels de l\u2019image, passionn\u00e9s par les nouvelles technologies, \u00e0 votre \u00e9coute pour vous proposer des solutions adapt\u00e9es \u00e0 vos besoins et vos envies :<\/i><\/p>\n<p>&#8211; <em>Une petite \u00e9quipe dynamique, motiv\u00e9e, exp\u00e9riment\u00e9e et soucieuse du respect de la l\u00e9gislation. <\/em><\/p>\n<p>&#8211; <em>Du mat\u00e9riel de haute technologie que nous adaptons aux conditions climatiques de la r\u00e9gion et dont nous assurons la maintenance et la r\u00e9paration. <\/em>\u00a0\u00bb css=\u00a0\u00bb.vc_custom_1435748780736{padding-top: 60px !important;padding-bottom: 60px !important;background-color: #292929 !important;}\u00a0\u00bb][vc_column width=\u00a0\u00bb1\/3&Prime; column_effect=\u00a0\u00bbtopmove\u00a0\u00bb]\t\n\t<div class=\"about-what-we-do\" data-scrollreveal=\"enter bottom and move 150px over 1s\">\n\t\t<div class=\"icon-left1\"><i class=\"fa fa-camera\"><\/i><\/div>\n\t\t<h5>PHOTOGRAPHIE<\/h5>\n\t\t<p><\/p>\n<p>Equip\u00e9 d&rsquo;un Sony Alpha6000 de 24MP, nous vous proposons des images d&rsquo;une grande qualit\u00e9.<\/p>\n<p><\/p>\n\t<\/div>\n\n\t[\/vc_column][vc_column width=\u00a0\u00bb1\/3&Prime;]\t\n\t<div class=\"about-what-we-do\" data-scrollreveal=\"enter bottom and move 150px over 1s\">\n\t\t<div class=\"icon-left1\"><i class=\"fa fa-video-camera\"><\/i><\/div>\n\t\t<h5>VIDEO<\/h5>\n\t\t<p><\/p>\n<p>La nacelle 3 axes install\u00e9e sur notre hexacopter offre une stabilit\u00e9 \u00e0 toute \u00e9preuve.<\/p>\n<p><\/p>\n\t<\/div>\n\n\t[\/vc_column][vc_column width=\u00a0\u00bb1\/3&Prime;]\t\n\t<div class=\"about-what-we-do\" data-scrollreveal=\"enter bottom and move 150px over 1s\">\n\t\t<div class=\"icon-left1\"><i class=\"fa fa-desktop\"><\/i><\/div>\n\t\t<h5>POST PRODUCTION<\/h5>\n\t\t<p><\/p>\n<p>Nous sommes avant tout des professionnels de l&rsquo;image et pouvons vous proposer des solutions compl\u00e8tes sur les prises de vue r\u00e9alis\u00e9es (retouche photo, montage vid\u00e9o).<\/p>\n<p><\/p>\n\t<\/div>\n\n\t[\/vc_column][\/vc_row][vc_row extra_id=\u00a0\u00bbteam\u00a0\u00bb ses_title=\u00a0\u00bbL&rsquo;EQUIPE\u00a0\u00bb ses_sub_title=\u00a0\u00bb<em>L\u2019\u00e9quipe se compose d\u2019un t\u00e9l\u00e9pilote, d&rsquo;un cadreur et d&rsquo;un t\u00e9l\u00e9pilote\/cadreur. <\/em><\/p>\n<p><em>Cette organisation nous permet de r\u00e9pondre rapidement et efficacement aux diff\u00e9rents besoins de nos clients.<\/em>\u00a0\u00bb css=\u00a0\u00bb.vc_custom_1442657091947{padding-top: 60px !important;padding-bottom: 60px !important;background-color: #292929 !important;}\u00a0\u00bb][vc_column width=\u00a0\u00bb1\/3&Prime;]\n\t<div class=\"\" data-scrollreveal=\"enter bottom and move 150px over 1s\">\n\t\t<div class=\"team-wrap\">\t\n\t\t\t<img src=\"http:\/\/www.eyeflypacifique.com\/wp-content\/uploads\/2014\/11\/Eric.jpg\" alt=\"\"\/>\n\t\t\t<h5>MARTY Eric<\/h5>\n\t\t\t<p>T\u00e9l\u00e9pilote<\/p>\n\t\t\t<div class=\"team-line\"><\/div>\n\t\t\t<div class=\"social-team\">\n\t\t\t\t<ul class=\"team-social\">\n\t\t\t\t\t\t\t\t\t\t\t\t\t\t\t\t\t\t\t\t\t\t\t\t<\/ul>\t\n\t\t\t<\/div>\t\t\t\t\t\t\t\t\n\t\t<\/div>\n\t<\/div>\n\n\t[\/vc_column][vc_column width=\u00a0\u00bb1\/3&Prime;]\n\t<div class=\"\" data-scrollreveal=\"enter bottom and move 150px over 1s\">\n\t\t<div class=\"team-wrap\">\t\n\t\t\t<img src=\"http:\/\/www.eyeflypacifique.com\/wp-content\/uploads\/2014\/11\/Rikko.jpg\" alt=\"\"\/>\n\t\t\t<h5>MANOUKIAN Eric<\/h5>\n\t\t\t<p>T\u00e9l\u00e9pilote - Cadreur<\/p>\n\t\t\t<div class=\"team-line\"><\/div>\n\t\t\t<div class=\"social-team\">\n\t\t\t\t<ul class=\"team-social\">\n\t\t\t\t\t\t\t\t\t\t\t\t\t\t\t\t\t\t\t\t\t\t\t\t<\/ul>\t\n\t\t\t<\/div>\t\t\t\t\t\t\t\t\n\t\t<\/div>\n\t<\/div>\n\n\t[\/vc_column][vc_column width=\u00a0\u00bb1\/3&Prime;]\n\t<div class=\"\" data-scrollreveal=\"enter bottom and move 150px over 1s\">\n\t\t<div class=\"team-wrap\">\t\n\t\t\t<img src=\"http:\/\/www.eyeflypacifique.com\/wp-content\/uploads\/2014\/11\/DSC03532.jpg\" alt=\"\"\/>\n\t\t\t<h5>CHABAUD Gill<\/h5>\n\t\t\t<p>Cadreur - Technicien<\/p>\n\t\t\t<div class=\"team-line\"><\/div>\n\t\t\t<div class=\"social-team\">\n\t\t\t\t<ul class=\"team-social\">\n\t\t\t\t\t\t\t\t\t\t\t\t\t\t\t\t\t\t\t\t\t\t\t\t<\/ul>\t\n\t\t\t<\/div>\t\t\t\t\t\t\t\t\n\t\t<\/div>\n\t<\/div>\n\n\t[\/vc_column][\/vc_row][vc_row extra_id=\u00a0\u00bbcontact\u00a0\u00bb ses_title=\u00a0\u00bbCONTACT\u00a0\u00bb ses_sub_title=\u00a0\u00bbN&rsquo;h\u00e9sitez pas \u00e0 nous contacter et nous trouverons la solution ad\u00e9quat \u00e0 vos besoins.\u00a0\u00bb css=\u00a0\u00bb.vc_custom_1430903991118{padding-bottom: 0px !important;}\u00a0\u00bb][vc_column][\/vc_column][\/vc_row][vc_row][vc_column width=\u00a0\u00bb1\/2&Prime;]\t\n\t<div class=\"contact-wrap\">\n\t\t<p><i class=\"fa fa-phone\"><\/i><span>telephone<\/span> (+687) 769272 - 799552<\/p>\t\n\t<\/div>\n\n\t[\/vc_column][vc_column width=\u00a0\u00bb1\/2&Prime;]\t\n\t<div class=\"contact-wrap\">\n\t\t<p><i class=\"fa fa-map-marker\"><\/i><span>email<\/span> info@eyeflypacifique.com<\/p>\t\n\t<\/div>\n\n\t[\/vc_column][\/vc_row][vc_row fullwidth=\u00a0\u00bbyes\u00a0\u00bb css=\u00a0\u00bb.vc_custom_1415971339059{padding-bottom: 60px !important;}\u00a0\u00bb][vc_column]\t\t<div class=\"container\">\n\t\t<div class=\"sixteen columns\" data-scrollreveal=\"enter bottom and move 150px over 1s\">\t\n\t\t\t<a class=\"button-map close-map\"><span>Localisez nous<\/span><\/a>\n\t\t<\/div>\n\t<\/div>\n\t<div id=\"google_map\"><\/div>\n\n\t<script>\n\t\n\t\/\/Google map\t\n\t\t\n\t\/*global $:false *\/\n\t(function($) { \"use strict\"\n\n\t\tvar e=new google.maps.LatLng(-22.254110,166.446860),\n\t\to={zoom:14,center:new google.maps.LatLng(-22.254110,166.446860),\n\t\tmapTypeId:google.maps.MapTypeId.ROADMAP,\n\t\tmapTypeControl:!1,\n\t\tscrollwheel:!1,\n\t\tdraggable:!0,\n\t\tnavigationControl:!1\n\t\t},\n\t\tn=new google.maps.Map(document.getElementById(\"google_map\"),o);\n\t\tgoogle.maps.event.addDomListener(window,\"resize\",function(){var e=n.getCenter();\n\t\tgoogle.maps.event.trigger(n,\"resize\"),n.setCenter(e)});\n\t\t\n\t\tvar g='<div class=\"map-tooltip\"><h6>EyeFly Pacifique<\/h6><\/div>',a=new google.maps.InfoWindow({content:g})\n\t\t,t=new google.maps.MarkerImage(\"http:\/\/www.eyeflypacifique.com\/wp-content\/uploads\/2014\/11\/Favicon.png\",new google.maps.Size(40,70),\n\t\tnew google.maps.Point(0,0),new google.maps.Point(20,55)),\n\t\ti=new google.maps.LatLng(-22.254110,166.446860),\n\t\tp=new google.maps.Marker({position:i,map:n,icon:t,zIndex:3});\n\t\tgoogle.maps.event.addListener(p,\"click\",function(){a.open(n,p)}),\n\t\t$(\".button-map\").click(function(){$(\"#google_map\").slideToggle(300,function(){google.maps.event.trigger(n,\"resize\"),n.setCenter(e)}),\n\t\t$(this).toggleClass(\"close-map show-map\")});\n\t\n\t})(jQuery);\n\n\t<\/script>\n\n\t[\/vc_column][\/vc_row][vc_row extra_id=\u00a0\u00bbclients\u00a0\u00bb ses_title=\u00a0\u00bbNOS CLIENTS\u00a0\u00bb fullwidth=\u00a0\u00bbyes\u00a0\u00bb][vc_column][vc_column_text]<\/p>\n<p><span><ul class=\"kiwi-logo-carousel kiwi-logo-carousel-clients default align-center col4\"><li style=\"height:150px;\" ><div class=\"helper\" style=\"height:150px; width:200px;\" ><img src=\"http:\/\/www.eyeflypacifique.com\/wp-content\/uploads\/2015\/07\/Sodigaz.png\" alt=\"Sodigaz\" title=\"Sodigaz\" style=\"max-width:200px; padding-left: 1px; padding-right:1px\" ><\/div><\/li><li style=\"height:150px;\" ><div class=\"helper\" style=\"height:150px; width:200px;\" ><img src=\"http:\/\/www.eyeflypacifique.com\/wp-content\/uploads\/2015\/07\/GIE.png\" alt=\"Tourisme Sud\" title=\"Tourisme Sud\" style=\"max-width:200px; padding-left: 1px; padding-right:1px\" ><\/div><\/li><li style=\"height:150px;\" ><div class=\"helper\" style=\"height:150px; width:200px;\" ><img src=\"http:\/\/www.eyeflypacifique.com\/wp-content\/uploads\/2015\/07\/Nataiwatch.png\" alt=\"Gite Nataiwatch\" title=\"Gite Nataiwatch\" style=\"max-width:200px; padding-left: 1px; padding-right:1px\" ><\/div><\/li><li style=\"height:150px;\" ><div class=\"helper\" style=\"height:150px; width:200px;\" ><img src=\"http:\/\/www.eyeflypacifique.com\/wp-content\/uploads\/2015\/07\/JEEP.png\" alt=\"Jeep Nouvelle Caledonie\" title=\"Jeep Nouvelle Caledonie\" style=\"max-width:200px; padding-left: 1px; padding-right:1px\" ><\/div><\/li><li style=\"height:150px;\" ><div class=\"helper\" style=\"height:150px; width:200px;\" ><img src=\"http:\/\/www.eyeflypacifique.com\/wp-content\/uploads\/2015\/07\/Geronimmo.png\" alt=\"Geron'Immo\" title=\"Geron'Immo\" style=\"max-width:200px; padding-left: 1px; padding-right:1px\" ><\/div><\/li><li style=\"height:150px;\" ><div class=\"helper\" style=\"height:150px; width:200px;\" ><img src=\"http:\/\/www.eyeflypacifique.com\/wp-content\/uploads\/2015\/07\/Calbat.png\" alt=\"Calbat\" title=\"Calbat\" style=\"max-width:200px; padding-left: 1px; padding-right:1px\" ><\/div><\/li><li style=\"height:150px;\" ><div class=\"helper\" style=\"height:150px; width:200px;\" ><img src=\"http:\/\/www.eyeflypacifique.com\/wp-content\/uploads\/2015\/09\/Canstruct.png\" alt=\"Canstruct\" title=\"Canstruct\" style=\"max-width:200px; padding-left: 1px; padding-right:1px\" ><\/div><\/li><li style=\"height:150px;\" ><div class=\"helper\" style=\"height:150px; width:200px;\" ><img src=\"http:\/\/www.eyeflypacifique.com\/wp-content\/uploads\/2015\/09\/Cal\u00e9donie-Charter.png\" alt=\"Cal\u00e9donie Charter\" title=\"Cal\u00e9donie Charter\" style=\"max-width:200px; padding-left: 1px; padding-right:1px\" ><\/div><\/li><\/ul><\/span><\/p>\n<p>[\/vc_column_text][\/vc_column][\/vc_row]<\/p>\n","protected":false},"excerpt":{"rendered":"<p>[vc_row extra_id=\u00a0\u00bbhome\u00a0\u00bb fullwidth=\u00a0\u00bbyes\u00a0\u00bb][vc_column][rev_slider_vc alias=\u00a0\u00bbhome-slider\u00a0\u00bb][\/vc_column][\/vc_row][vc_row][vc_column][vc_video link=\u00a0\u00bbhttps:\/\/vimeo.com\/463660175&Prime;][\/vc_column][\/vc_row][vc_row extra_id=\u00a0\u00bbwork\u00a0\u00bb ses_title=\u00a0\u00bbNOS REALISATIONS\u00a0\u00bb css=\u00a0\u00bb.vc_custom_1442658971011{padding-top: 60px !important;padding-bottom: 60px !important;}\u00a0\u00bb][vc_column width=\u00a0\u00bb1\/2&Prime;][vc_video link=\u00a0\u00bbhttps:\/\/www.youtube.com\/watch?v=PfkJ67qpVnY\u00a0\u00bb][\/vc_column][vc_column width=\u00a0\u00bb1\/2&Prime;][vc_video link=\u00a0\u00bbhttps:\/\/vimeo.com\/channels\/eyeflypacifique\/137919033&Prime;][\/vc_column][\/vc_row][vc_row][vc_column][\/vc_column][\/vc_row][vc_row extra_id=\u00a0\u00bbservices\u00a0\u00bb ses_title=\u00a0\u00bbSERVICES\u00a0\u00bb ses_sub_title=\u00a0\u00bbD\u00e9couvrez ci-dessous nos diff\u00e9rents secteurs et domaines d\u2019activit\u00e9s\u00a0\u00bb css=\u00a0\u00bb.vc_custom_1432374916235{padding-top: 60px !important;padding-bottom: 60px !important;background-color: #292929 !important;}\u00a0\u00bb][vc_column width=\u00a0\u00bb1\/3&Prime;][\/vc_column][vc_column width=\u00a0\u00bb1\/3&Prime;][\/vc_column][vc_column width=\u00a0\u00bb1\/3&Prime;][\/vc_column][\/vc_row][vc_row extra_id=\u00a0\u00bbabout\u00a0\u00bb ses_title=\u00a0\u00bbA PROPOS\u00a0\u00bb ses_sub_title=\u00a0\u00bbEyefly Pacifique, des professionnels de l\u2019image, passionn\u00e9s par les nouvelles technologies, \u00e0 votre \u00e9coute pour [&hellip;]<\/p>\n","protected":false},"author":1,"featured_media":0,"parent":0,"menu_order":0,"comment_status":"open","ping_status":"open","template":"page-templates\/template-canvas-dark.php","meta":{"_mi_skip_tracking":false},"_links":{"self":[{"href":"http:\/\/www.eyeflypacifique.com\/index.php?rest_route=\/wp\/v2\/pages\/475"}],"collection":[{"href":"http:\/\/www.eyeflypacifique.com\/index.php?rest_route=\/wp\/v2\/pages"}],"about":[{"href":"http:\/\/www.eyeflypacifique.com\/index.php?rest_route=\/wp\/v2\/types\/page"}],"author":[{"embeddable":true,"href":"http:\/\/www.eyeflypacifique.com\/index.php?rest_route=\/wp\/v2\/users\/1"}],"replies":[{"embeddable":true,"href":"http:\/\/www.eyeflypacifique.com\/index.php?rest_route=%2Fwp%2Fv2%2Fcomments&post=475"}],"version-history":[{"count":158,"href":"http:\/\/www.eyeflypacifique.com\/index.php?rest_route=\/wp\/v2\/pages\/475\/revisions"}],"predecessor-version":[{"id":1725,"href":"http:\/\/www.eyeflypacifique.com\/index.php?rest_route=\/wp\/v2\/pages\/475\/revisions\/1725"}],"wp:attachment":[{"href":"http:\/\/www.eyeflypacifique.com\/index.php?rest_route=%2Fwp%2Fv2%2Fmedia&parent=475"}],"curies":[{"name":"wp","href":"https:\/\/api.w.org\/{rel}","templated":true}]}}